{"id":5149,"date":"2023-01-12T21:44:51","date_gmt":"2023-01-12T20:44:51","guid":{"rendered":"https:\/\/demo.topmedicare.de\/geschichte\/"},"modified":"2023-01-23T10:00:54","modified_gmt":"2023-01-23T09:00:54","slug":"history","status":"publish","type":"page","link":"https:\/\/topmedicare.de\/en\/history\/","title":{"rendered":"HISTORY"},"content":{"rendered":"<div class=\"gb-container gb-container-8d38a251\"><div class=\"gb-inside-container\">\n<div class=\"gb-container gb-container-0f4cdd3e\"><div class=\"gb-inside-container\">\n<div class=\"gb-grid-wrapper gb-grid-wrapper-20de68c3\">\n<div class=\"gb-grid-column gb-grid-column-3b9bb388\"><div class=\"gb-container gb-container-3b9bb388\"><div class=\"gb-inside-container\">\n\n<h1 class=\"gb-headline gb-headline-e0989bf6 gb-headline-text\">1960 &#8211; 2006<\/h1>\n\n\n\n<p><strong>1960: <\/strong>Die Familie Trennheuser \u00fcbernimmt die Viktoria Apotheke in Saarbr\u00fccken.<\/p>\n\n\n\n<p><strong>1997: <\/strong>Die Viktoria Apotheke beginnt unter der Leitung von Dr. Fritz Trennheuser mit der Herstellung steriler Zubereitungen. Der Gesch\u00e4ftszweig wird in den kommenden Jahren mit gro\u00dfem Engagement stetig weiter ausgebaut.<\/p>\n\n<\/div><\/div><\/div>\n\n<div class=\"gb-grid-column gb-grid-column-2f68d0df\"><div class=\"gb-container gb-container-2f68d0df\"><div class=\"gb-inside-container\">\n\n<figure class=\"wp-block-image size-full\"><img loading=\"lazy\" decoding=\"async\" width=\"555\" height=\"298\" src=\"https:\/\/topmedicare.de\/wp-content\/uploads\/2023\/01\/Unternehmen-Geschichte-bis-1997.png\" alt=\"\" class=\"wp-image-5086\"\/><\/figure>\n\n<\/div><\/div><\/div>\n<\/div>\n\n\n<p><\/p>\n\n\n\n<hr class=\"wp-block-separator has-text-color has-global-color-8-color has-alpha-channel-opacity has-global-color-8-background-color has-background\"\/>\n\n\n<div class=\"gb-container gb-container-210c3388\"><div class=\"gb-inside-container\">\n<div class=\"gb-container gb-container-55ba9b40\"><div class=\"gb-inside-container\">\n<div class=\"gb-grid-wrapper gb-grid-wrapper-08a8fe25\">\n<div class=\"gb-grid-column gb-grid-column-1098ac64\"><div class=\"gb-container gb-container-1098ac64\"><div class=\"gb-inside-container\">\n\n<figure class=\"wp-block-image size-full\"><img loading=\"lazy\" decoding=\"async\" width=\"555\" height=\"298\" src=\"https:\/\/topmedicare.de\/wp-content\/uploads\/2023\/01\/Geschichte-2007-bis-heute.png\" alt=\"\" class=\"wp-image-5088\"\/><\/figure>\n\n<\/div><\/div><\/div>\n\n<div class=\"gb-grid-column gb-grid-column-562cc9d0\"><div class=\"gb-container gb-container-562cc9d0\"><div class=\"gb-inside-container\">\n\n<h1 class=\"gb-headline gb-headline-ad330dfb gb-headline-text\">2001 &#8211; heute<\/h1>\n\n\n\n<p><strong>2007:<\/strong> Die Topmedicare GmbH wird als Einzelhandel f\u00fcr die Versorgung von Altenheimen und Pfegediensten mit Hilfs-, Heil- und Verbandmitteln gegr\u00fcndet. Hierbei stehen die Bereiche Orthomolekularmedizin und Diabetes im Vordergrund.<\/p>\n\n\n\n<p><strong>2010:<\/strong> Es erfolgt die \u00dcbernahme der Topmedicare GmbH in eine Unternehmensgruppe mit der Viktoria Apotheke. Danach liegt es nahe, auch die Topmedicare GmbH in Richtung der Herstellung von Arzneimitteln zu wandeln und auf das neue Gesch\u00e4ftsfeld der Lohnauftragsherstellung von sterilen und unsterilen Arzneimitteln sowie klinischen Pr\u00fcfpr\u00e4paraten nach h\u00f6chsten Qualit\u00e4tskriterien des GMP auszurichten. Auf diese Weise k\u00f6nnen die Synergien zwischen Herstellerbetrieb und \u00fcber Jahrzehnte erworbener pharmazeutischer Kompetenz optimal genutzt werden. Au\u00dferdem \u00fcbernimmt die Topmedicare GmbH den Vertrieb der Trennheuser Kosmetik.<\/p>\n\n\n\n<p><strong>2016:<\/strong> Die Topmedicare in Saarbr\u00fccken ist Lohnhersteller \u00a7 13 AMG f\u00fcr die Herstellung von f\u00fcr IMPs und Kleinchargen steriler Produkte sowie unsteriler Arzneimittel und klinischer Pr\u00fcfpr\u00e4parate nach h\u00f6chsten Qualit\u00e4tskriterien des GMP. Aus den Synergien zwischen Herstellerbetrieb und Jahrzehnte erworbener pharmazeutischer Kompetenz werden Produkte optimal umgesetzt.<\/p>\n\n\n\n<p><\/p>\n\n<\/div><\/div><\/div>\n<\/div>\n<\/div><\/div>\n<\/div><\/div>\n<\/div><\/div>\n<\/div><\/div>","protected":false},"excerpt":{"rendered":"","protected":false},"author":1,"featured_media":0,"parent":0,"menu_order":0,"comment_status":"closed","ping_status":"closed","template":"","meta":{"footnotes":""},"class_list":["post-5149","page","type-page","status-publish"],"_links":{"self":[{"href":"https:\/\/topmedicare.de\/en\/wp-json\/wp\/v2\/pages\/5149","targetHints":{"allow":["GET"]}}],"collection":[{"href":"https:\/\/topmedicare.de\/en\/wp-json\/wp\/v2\/pages"}],"about":[{"href":"https:\/\/topmedicare.de\/en\/wp-json\/wp\/v2\/types\/page"}],"author":[{"embeddable":true,"href":"https:\/\/topmedicare.de\/en\/wp-json\/wp\/v2\/users\/1"}],"replies":[{"embeddable":true,"href":"https:\/\/topmedicare.de\/en\/wp-json\/wp\/v2\/comments?post=5149"}],"version-history":[{"count":2,"href":"https:\/\/topmedicare.de\/en\/wp-json\/wp\/v2\/pages\/5149\/revisions"}],"predecessor-version":[{"id":5151,"href":"https:\/\/topmedicare.de\/en\/wp-json\/wp\/v2\/pages\/5149\/revisions\/5151"}],"wp:attachment":[{"href":"https:\/\/topmedicare.de\/en\/wp-json\/wp\/v2\/media?parent=5149"}],"curies":[{"name":"wp","href":"https:\/\/api.w.org\/{rel}","templated":true}]}}