{"id":5177,"date":"2023-01-12T19:05:35","date_gmt":"2023-01-12T18:05:35","guid":{"rendered":"https:\/\/demo.topmedicare.de\/kontakt\/"},"modified":"2023-02-16T10:56:22","modified_gmt":"2023-02-16T09:56:22","slug":"your-contact-person","status":"publish","type":"page","link":"https:\/\/topmedicare.de\/en\/your-contact-person\/","title":{"rendered":"YOUR CONTACT PERSON"},"content":{"rendered":"<div class=\"gb-container gb-container-d48e7fcf\"><div class=\"gb-inside-container\">\n\n<h1 class=\"gb-headline gb-headline-ab312a25 gb-headline-text\">Your request<\/h1>\n\n\n<div class=\"gb-container gb-container-28c9bcef\"><div class=\"gb-inside-container\">\n\n<p>Thank you for your interest in our company. Please send us your request by e-mail. We are happy to forward these to the relevant department of Topmedicare GmbH.<\/p>\n\n\n\n<h2 class=\"gb-headline gb-headline-64cf3ec1 gb-headline-text\"><\/h2>\n\n<\/div><\/div>\n\n<div class=\"gb-container gb-container-877816ed\"><div class=\"gb-inside-container\">\n<div class=\"gb-grid-wrapper gb-grid-wrapper-b31f9734\">\n<div class=\"gb-grid-column gb-grid-column-e2cba433\"><div class=\"gb-container gb-container-e2cba433\"><div class=\"gb-inside-container\">\n\n<h1 class=\"gb-headline gb-headline-421da178 gb-headline-text\">Adress:<\/h1>\n\n\n\n<h6 class=\"gb-headline gb-headline-2884bd82\"><span class=\"gb-icon\"><svg aria-hidden=\"true\" role=\"img\" height=\"1em\" width=\"1em\" viewBox=\"0 0 384 512\" xmlns=\"http:\/\/www.w3.org\/2000\/svg\"><path fill=\"currentColor\" d=\"M172.268 501.67C26.97 291.031 0 269.413 0 192 0 85.961 85.961 0 192 0s192 85.961 192 192c0 77.413-26.97 99.031-172.268 309.67-9.535 13.774-29.93 13.773-39.464 0zM192 272c44.183 0 80-35.817 80-80s-35.817-80-80-80-80 35.817-80 80 35.817 80 80 80z\"><\/path><\/svg><\/span><span class=\"gb-headline-text\">Topmedicare GmbH<\/span><\/h6>\n\n\n\n<h6 class=\"gb-headline gb-headline-bd25c079 gb-headline-text\"><br>Betriebsst\u00e4tte Saarbr\u00fccken <br>Berliner Promenade 3 <br>D &#8211; 66111 Saarbr\u00fccken <br><\/h6>\n\n\n\n<p class=\"has-contrast-3-color has-text-color\"><strong>For inquiries regarding production of pharmaceutical products, please contact<\/strong>.<\/p>\n\n\n\n<h1 class=\"gb-headline gb-headline-d3a20f03 gb-headline-text\">Telephone:<\/h1>\n\n\n\n<h6 class=\"gb-headline gb-headline-3a3a6084\"><span class=\"gb-icon\"><svg aria-hidden=\"true\" role=\"img\" height=\"1em\" width=\"1em\" viewBox=\"0 0 512 512\" xmlns=\"http:\/\/www.w3.org\/2000\/svg\"><path fill=\"currentColor\" d=\"M493.4 24.6l-104-24c-11.3-2.6-22.9 3.3-27.5 13.9l-48 112c-4.2 9.8-1.4 21.3 6.9 28l60.6 49.6c-36 76.7-98.9 140.5-177.2 177.2l-49.6-60.6c-6.8-8.3-18.2-11.1-28-6.9l-112 48C3.9 366.5-2 378.1.6 389.4l24 104C27.1 504.2 36.7 512 48 512c256.1 0 464-207.5 464-464 0-11.2-7.7-20.9-18.6-23.4z\"><\/path><\/svg><\/span><span class=\"gb-headline-text\">0681 844 926 0 <\/span><\/h6>\n\n\n\n<h6 class=\"gb-headline gb-headline-c158042f\"><span class=\"gb-icon\"><svg fill=\"#3d70ab\" height=\"800px\" width=\"800px\" xml:space=\"preserve\" viewBox=\"0 0 512 512\" xmlns:xlink=\"http:\/\/www.w3.org\/1999\/xlink\" xmlns=\"http:\/\/www.w3.org\/2000\/svg\" id=\"Layer_1\" version=\"1.1\">  <g stroke-width=\"0\" id=\"SVGRepo_bgCarrier\"><\/g>  <g stroke-linejoin=\"round\" stroke-linecap=\"round\" id=\"SVGRepo_tracerCarrier\"><\/g>  <g id=\"SVGRepo_iconCarrier\"> <polygon points=\"512,200.348 478.609,200.348 478.609,166.957 445.219,166.957 445.219,0 445.219,0 445.219,0 166.957,0 166.957,166.957 133.566,166.957 133.566,200.348 133.566,200.348 100.174,200.348 100.174,166.957 33.391,166.957 33.391,200.348 0,200.348 0,478.609 33.391,478.609 33.391,512 100.174,512 100.174,478.609 133.566,478.612 133.566,512 166.958,512 445.217,512 478.609,512 478.609,478.609 512,478.609\" style=\"fill:#ffffff;\"><\/polygon> <rect height=\"233.739\" width=\"278.261\" style=\"fill:#FFFFFF;\" x=\"166.957\"><\/rect> <rect height=\"33.391\" width=\"144.696\" y=\"66.783\" x=\"233.739\"><\/rect> <rect height=\"33.391\" width=\"144.696\" y=\"133.565\" x=\"233.739\"><\/rect> <polygon points=\"512,200.348 478.609,200.348 478.609,478.609 133.566,478.609 133.566,512 478.609,512 478.609,478.609 512,478.609\"><\/polygon> <path d=\"M166.957,233.739h278.262l0,0l0,0v-33.391h33.391v-33.391h-33.391V0l0,0l0,0H166.957v33.391l0,0v133.565h-33.39v33.391 h33.39V233.739z M411.827,33.391v133.565l0,0v33.391H200.349V33.391H411.827z\"><\/path> <rect height=\"33.391\" width=\"66.783\" y=\"166.957\" x=\"33.391\"><\/rect> <rect height=\"278.261\" width=\"33.391\" y=\"200.348\"><\/rect> <polygon points=\"100.174,200.348 100.174,200.348 100.174,478.609 33.391,478.609 33.391,512 100.174,512 100.174,478.609 133.566,478.609 133.566,478.609 133.566,478.609 133.566,200.348\"><\/polygon> <g> <rect height=\"33.391\" width=\"33.391\" style=\"fill:#3d70ab;\" y=\"267.13\" x=\"200.348\"><\/rect> <rect height=\"33.391\" width=\"33.391\" style=\"fill:#3d70ab;\" y=\"267.13\" x=\"289.391\"><\/rect> <rect height=\"33.391\" width=\"33.391\" style=\"fill:#3d70ab;\" y=\"267.13\" x=\"378.435\"><\/rect> <rect height=\"33.391\" width=\"33.391\" style=\"fill:#3d70ab;\" y=\"333.913\" x=\"200.348\"><\/rect> <rect height=\"33.391\" width=\"33.391\" style=\"fill:#3d70ab;\" y=\"333.913\" x=\"289.391\"><\/rect> <rect height=\"33.391\" width=\"33.391\" style=\"fill:#3d70ab;\" y=\"333.913\" x=\"378.435\"><\/rect> <rect height=\"33.391\" width=\"33.391\" style=\"fill:#3d70ab;\" y=\"400.696\" x=\"200.348\"><\/rect> <rect height=\"33.391\" width=\"33.391\" style=\"fill:#3d70ab;\" y=\"400.696\" x=\"289.391\"><\/rect> <rect height=\"33.391\" width=\"33.391\" style=\"fill:#3d70ab;\" y=\"400.696\" x=\"378.435\"><\/rect> <\/g> <\/g>  <\/svg><\/span><span class=\"gb-headline-text\">0681 844 926 770 <\/span><\/h6>\n\n\n\n<h1 class=\"gb-headline gb-headline-d434adb2 gb-headline-text\">E-mail:<\/h1>\n\n\n\n<h6 class=\"gb-headline gb-headline-b5742fa3\"><span class=\"gb-icon\"><svg aria-hidden=\"true\" role=\"img\" height=\"1em\" width=\"1em\" viewBox=\"0 0 512 512\" xmlns=\"http:\/\/www.w3.org\/2000\/svg\"><path fill=\"currentColor\" d=\"M464 64H48C21.49 64 0 85.49 0 112v288c0 26.51 21.49 48 48 48h416c26.51 0 48-21.49 48-48V112c0-26.51-21.49-48-48-48zm0 48v40.805c-22.422 18.259-58.168 46.651-134.587 106.49-16.841 13.247-50.201 45.072-73.413 44.701-23.208.375-56.579-31.459-73.413-44.701C106.18 199.465 70.425 171.067 48 152.805V112h416zM48 400V214.398c22.914 18.251 55.409 43.862 104.938 82.646 21.857 17.205 60.134 55.186 103.062 54.955 42.717.231 80.509-37.199 103.053-54.947 49.528-38.783 82.032-64.401 104.947-82.653V400H48z\"><\/path><\/svg><\/span><span class=\"gb-headline-text\"><a href=\"mailto:sterilfertigung@topmedicare.de\">sterilfertigung@topmedicare.de<\/a><\/span><\/h6>\n\n\n\n<p class=\"has-contrast-3-color has-text-color\"><strong><br>If you have any further questions, please contact our retail distribution of remedies, aids and dressings or the distribution of Dr. Trennheuser cosmetics.<\/strong><\/p>\n\n\n\n<h6 class=\"gb-headline gb-headline-0b267cae\"><span class=\"gb-icon\"><svg aria-hidden=\"true\" role=\"img\" height=\"1em\" width=\"1em\" viewBox=\"0 0 512 512\" xmlns=\"http:\/\/www.w3.org\/2000\/svg\"><path fill=\"currentColor\" d=\"M493.4 24.6l-104-24c-11.3-2.6-22.9 3.3-27.5 13.9l-48 112c-4.2 9.8-1.4 21.3 6.9 28l60.6 49.6c-36 76.7-98.9 140.5-177.2 177.2l-49.6-60.6c-6.8-8.3-18.2-11.1-28-6.9l-112 48C3.9 366.5-2 378.1.6 389.4l24 104C27.1 504.2 36.7 512 48 512c256.1 0 464-207.5 464-464 0-11.2-7.7-20.9-18.6-23.4z\"><\/path><\/svg><\/span><span class=\"gb-headline-text\">0681 844 926 0 <\/span><\/h6>\n\n\n\n<h6 class=\"gb-headline gb-headline-43d3dcda\"><span class=\"gb-icon\"><svg fill=\"#3d70ab\" height=\"800px\" width=\"800px\" xml:space=\"preserve\" viewBox=\"0 0 512 512\" xmlns:xlink=\"http:\/\/www.w3.org\/1999\/xlink\" xmlns=\"http:\/\/www.w3.org\/2000\/svg\" id=\"Layer_1\" version=\"1.1\">  <g stroke-width=\"0\" id=\"SVGRepo_bgCarrier\"><\/g>  <g stroke-linejoin=\"round\" stroke-linecap=\"round\" id=\"SVGRepo_tracerCarrier\"><\/g>  <g id=\"SVGRepo_iconCarrier\"> <polygon points=\"512,200.348 478.609,200.348 478.609,166.957 445.219,166.957 445.219,0 445.219,0 445.219,0 166.957,0 166.957,166.957 133.566,166.957 133.566,200.348 133.566,200.348 100.174,200.348 100.174,166.957 33.391,166.957 33.391,200.348 0,200.348 0,478.609 33.391,478.609 33.391,512 100.174,512 100.174,478.609 133.566,478.612 133.566,512 166.958,512 445.217,512 478.609,512 478.609,478.609 512,478.609\" style=\"fill:#ffffff;\"><\/polygon> <rect height=\"233.739\" width=\"278.261\" style=\"fill:#FFFFFF;\" x=\"166.957\"><\/rect> <rect height=\"33.391\" width=\"144.696\" y=\"66.783\" x=\"233.739\"><\/rect> <rect height=\"33.391\" width=\"144.696\" y=\"133.565\" x=\"233.739\"><\/rect> <polygon points=\"512,200.348 478.609,200.348 478.609,478.609 133.566,478.609 133.566,512 478.609,512 478.609,478.609 512,478.609\"><\/polygon> <path d=\"M166.957,233.739h278.262l0,0l0,0v-33.391h33.391v-33.391h-33.391V0l0,0l0,0H166.957v33.391l0,0v133.565h-33.39v33.391 h33.39V233.739z M411.827,33.391v133.565l0,0v33.391H200.349V33.391H411.827z\"><\/path> <rect height=\"33.391\" width=\"66.783\" y=\"166.957\" x=\"33.391\"><\/rect> <rect height=\"278.261\" width=\"33.391\" y=\"200.348\"><\/rect> <polygon points=\"100.174,200.348 100.174,200.348 100.174,478.609 33.391,478.609 33.391,512 100.174,512 100.174,478.609 133.566,478.609 133.566,478.609 133.566,478.609 133.566,200.348\"><\/polygon> <g> <rect height=\"33.391\" width=\"33.391\" style=\"fill:#3d70ab;\" y=\"267.13\" x=\"200.348\"><\/rect> <rect height=\"33.391\" width=\"33.391\" style=\"fill:#3d70ab;\" y=\"267.13\" x=\"289.391\"><\/rect> <rect height=\"33.391\" width=\"33.391\" style=\"fill:#3d70ab;\" y=\"267.13\" x=\"378.435\"><\/rect> <rect height=\"33.391\" width=\"33.391\" style=\"fill:#3d70ab;\" y=\"333.913\" x=\"200.348\"><\/rect> <rect height=\"33.391\" width=\"33.391\" style=\"fill:#3d70ab;\" y=\"333.913\" x=\"289.391\"><\/rect> <rect height=\"33.391\" width=\"33.391\" style=\"fill:#3d70ab;\" y=\"333.913\" x=\"378.435\"><\/rect> <rect height=\"33.391\" width=\"33.391\" style=\"fill:#3d70ab;\" y=\"400.696\" x=\"200.348\"><\/rect> <rect height=\"33.391\" width=\"33.391\" style=\"fill:#3d70ab;\" y=\"400.696\" x=\"289.391\"><\/rect> <rect height=\"33.391\" width=\"33.391\" style=\"fill:#3d70ab;\" y=\"400.696\" x=\"378.435\"><\/rect> <\/g> <\/g>  <\/svg><\/span><span class=\"gb-headline-text\">0681 844 926 770 <\/span><\/h6>\n\n\n\n<h1 class=\"gb-headline gb-headline-6db1297f gb-headline-text\">E-mail:<\/h1>\n\n\n\n<h6 class=\"gb-headline gb-headline-5dad2311\"><span class=\"gb-icon\"><svg aria-hidden=\"true\" role=\"img\" height=\"1em\" width=\"1em\" viewBox=\"0 0 512 512\" xmlns=\"http:\/\/www.w3.org\/2000\/svg\"><path fill=\"currentColor\" d=\"M464 64H48C21.49 64 0 85.49 0 112v288c0 26.51 21.49 48 48 48h416c26.51 0 48-21.49 48-48V112c0-26.51-21.49-48-48-48zm0 48v40.805c-22.422 18.259-58.168 46.651-134.587 106.49-16.841 13.247-50.201 45.072-73.413 44.701-23.208.375-56.579-31.459-73.413-44.701C106.18 199.465 70.425 171.067 48 152.805V112h416zM48 400V214.398c22.914 18.251 55.409 43.862 104.938 82.646 21.857 17.205 60.134 55.186 103.062 54.955 42.717.231 80.509-37.199 103.053-54.947 49.528-38.783 82.032-64.401 104.947-82.653V400H48z\"><\/path><\/svg><\/span><span class=\"gb-headline-text\"><a rel=\"noreferrer noopener\" href=\"mailto:info@topmedicare.de\" target=\"_blank\">info@topmedicare.de<\/a><\/span><\/h6>\n\n<\/div><\/div><\/div>\n\n<div class=\"gb-grid-column gb-grid-column-25fade39\"><div class=\"gb-container gb-container-25fade39\"><div class=\"gb-inside-container\">\n\n<figure class=\"wp-block-image size-full\"><img loading=\"lazy\" decoding=\"async\" width=\"634\" height=\"900\" src=\"http:\/\/topmedicare.de\/wp-content\/uploads\/2023\/01\/TMC-Startseite-Komposition-1.png\" alt=\"\" class=\"wp-image-5257\"\/><\/figure>\n\n<\/div><\/div><\/div>\n<\/div>\n<\/div><\/div>\n\n\n<p><\/p>\n\n<\/div><\/div>","protected":false},"excerpt":{"rendered":"<p>Your request Thank you for your interest in our company. Please send us your request by e-mail. We are happy to forward these to the relevant department of Topmedicare GmbH.<\/p>\n","protected":false},"author":1,"featured_media":0,"parent":0,"menu_order":0,"comment_status":"closed","ping_status":"closed","template":"","meta":{"footnotes":""},"class_list":["post-5177","page","type-page","status-publish"],"_links":{"self":[{"href":"https:\/\/topmedicare.de\/en\/wp-json\/wp\/v2\/pages\/5177","targetHints":{"allow":["GET"]}}],"collection":[{"href":"https:\/\/topmedicare.de\/en\/wp-json\/wp\/v2\/pages"}],"about":[{"href":"https:\/\/topmedicare.de\/en\/wp-json\/wp\/v2\/types\/page"}],"author":[{"embeddable":true,"href":"https:\/\/topmedicare.de\/en\/wp-json\/wp\/v2\/users\/1"}],"replies":[{"embeddable":true,"href":"https:\/\/topmedicare.de\/en\/wp-json\/wp\/v2\/comments?post=5177"}],"version-history":[{"count":8,"href":"https:\/\/topmedicare.de\/en\/wp-json\/wp\/v2\/pages\/5177\/revisions"}],"predecessor-version":[{"id":5671,"href":"https:\/\/topmedicare.de\/en\/wp-json\/wp\/v2\/pages\/5177\/revisions\/5671"}],"wp:attachment":[{"href":"https:\/\/topmedicare.de\/en\/wp-json\/wp\/v2\/media?parent=5177"}],"curies":[{"name":"wp","href":"https:\/\/api.w.org\/{rel}","templated":true}]}}