{"id":5732,"date":"2023-02-01T11:38:05","date_gmt":"2023-02-01T10:38:05","guid":{"rendered":"https:\/\/topmedicare.de\/?page_id=5732"},"modified":"2023-02-17T10:44:09","modified_gmt":"2023-02-17T09:44:09","slug":"imprint","status":"publish","type":"page","link":"https:\/\/topmedicare.de\/en\/imprint\/","title":{"rendered":"Imprint"},"content":{"rendered":"<div class=\"gb-container gb-container-dd99fdab\"><div class=\"gb-inside-container\">\n\n<h1 class=\"gb-headline gb-headline-b172289d gb-headline-text\">Information according to \u00a7 5 TMG<\/h1>\n\n<\/div><\/div>\n\n<div class=\"gb-container gb-container-e2cba433\"><div class=\"gb-inside-container\">\n\n<h6 class=\"gb-headline gb-headline-2884bd82\"><span class=\"gb-icon\"><svg aria-hidden=\"true\" role=\"img\" height=\"1em\" width=\"1em\" viewBox=\"0 0 384 512\" xmlns=\"http:\/\/www.w3.org\/2000\/svg\"><path fill=\"currentColor\" d=\"M172.268 501.67C26.97 291.031 0 269.413 0 192 0 85.961 85.961 0 192 0s192 85.961 192 192c0 77.413-26.97 99.031-172.268 309.67-9.535 13.774-29.93 13.773-39.464 0zM192 272c44.183 0 80-35.817 80-80s-35.817-80-80-80-80 35.817-80 80 35.817 80 80 80z\"><\/path><\/svg><\/span><span class=\"gb-headline-text\">Topmedicare GmbH<\/span><\/h6>\n\n\n\n<h6 class=\"gb-headline gb-headline-bd25c079 gb-headline-text\"><br>Betriebsst\u00e4tte Saarbr\u00fccken <br>Berliner Promenade 3 <br>D &#8211; 66111 Saarbr\u00fccken <br><\/h6>\n\n\n\n<p class=\"has-contrast-color has-text-color\"><strong>Represented by:<br><\/strong>Topmedicare GmbH, vertreten durch die Gesch\u00e4ftsf\u00fchrer: Sebastian Trennheuser, Bianca Bohrer<\/p>\n\n\n\n<p><strong><strong>Contact:<\/strong><br><\/strong>Telephone: 0681 844 926 0<br>Fax: 0681 844 926 770<br>E-mail: <a href=\"mailto:info@topmedicare.de\">info@topmedicare.de<\/a><\/p>\n\n\n\n<p><strong>Register entry:<\/strong><br>Eintragung im Handelsregister<br>Registergericht: Amtsgericht Saarbr\u00fccken<br>Registernummer: HRB 16501<br><br><strong>Value added tax<\/strong>:<br>Umsatzsteuer-Identifikationsnummer gem\u00e4\u00df \u00a727 a Umsatzsteuergesetz:<br>DE 255 965 110<\/p>\n\n<\/div><\/div>\n\n<div class=\"gb-container gb-container-ce1dd3a3\"><div class=\"gb-inside-container\">\n\n<p><strong>Supervisory authority:<\/strong><br>Ministerium f\u00fcr Soziales, Gesundheit, Frauen und Familie<br>Referat E3 &#8211; Arzneimittel\u00fcberwachung<br>Franz-Josef-R\u00f6der-Str. 23<br>66119 Saarbr\u00fccken<br>Tel.: 0681-5013233<br>Fax: 0681-5013169<br>E-Mail: Referat.E3@soziales.saarland.de<br><a href=\"http:\/\/www.soziales.saarland.de\">http:\/\/www.soziales.saarland.de<\/a><\/p>\n\n\n\n<p><strong>Details of professional liability insurance<\/strong><br>Name und Sitz des Versicherers:<br>AXA Versicherung AG<br>Colonia-Allee 10-20<br>51067 K\u00f6ln<br>Geltungsraum der Versicherung: Weltweit, ausgenommen USA\/US-Territorien\/Kanada<strong><br><br>Dispute resolution<\/strong><br>Die Europ\u00e4ische Kommission stellt eine Plattform zur Online-Streitbeilegung (OS) bereit https:\/\/ec.europa.eu\/consumers\/odr. Unsere E-Mail-Adresse finden Sie oben im Impressum. Wir sind nicht bereit oder verpflichtet, an Streitbeilegungsverfahren vor einer Verbraucherschlichtungsstelle teilzunehmen.<br><br><strong>Liability for contents<\/strong><br>Als Diensteanbieter sind wir gem\u00e4\u00df \u00a7 7 Abs.1 TMG f\u00fcr eigene Inhalte auf diesen Seiten nach den allgemeinen Gesetzen verantwortlich. Nach \u00a7\u00a7 8 bis 10 TMG sind wir als Diensteanbieter jedoch nicht verpflichtet, \u00fcbermittelte oder gespeicherte fremde Informationen zu \u00fcberwachen oder nach Umst\u00e4nden zu forschen, die auf eine rechtswidrige T\u00e4tigkeit hinweisen.<br>Verpflichtungen zur Entfernung oder Sperrung der Nutzung von Informationen nach den allgemeinen Gesetzen bleiben hiervon unber\u00fchrt. Eine diesbez\u00fcgliche Haftung ist jedoch erst ab dem Zeitpunkt der Kenntnis einer konkreten Rechtsverletzung m\u00f6glich. Bei Bekanntwerden von entsprechenden Rechtsverletzungen werden wir diese Inhalte umgehend entfernen.<br><strong><br>Liability for links<\/strong><br>Unser Angebot enth\u00e4lt Links zu externen Websites Dritter, auf deren Inhalte wir keinen Einfluss haben.<br>Deshalb k\u00f6nnen wir f\u00fcr diese fremden Inhalte auch keine Gew\u00e4hr \u00fcbernehmen. F\u00fcr die Inhalte der verlinkten Seiten ist stets der jeweilige Anbieter oder Betreiber der Seiten verantwortlich. Die verlinkten Seiten wurden zum Zeitpunkt der Verlinkung auf m\u00f6gliche Rechtsverst\u00f6\u00dfe \u00fcberpr\u00fcft. Rechtswidrige Inhalte waren zum Zeitpunkt der Verlinkung nicht erkennbar.<br>Eine permanente inhaltliche Kontrolle der verlinkten Seiten ist jedoch ohne konkrete Anhaltspunkte einer Rechtsverletzung nicht zumutbar. Bei Bekanntwerden von Rechtsverletzungen werden wir derartige Links umgehend entfernen.<br><br><strong>Copyright<\/strong><br>Die durch die Seitenbetreiber erstellten Inhalte und Werke auf diesen Seiten unterliegen dem deutschen Urheberrecht. Die Vervielf\u00e4ltigung, Bearbeitung, Verbreitung und jede Art der Verwertung au\u00dferhalb der Grenzen des Urheberrechtes bed\u00fcrfen der schriftlichen Zustimmung des jeweiligen Autors bzw. Erstellers. Downloads und Kopien dieser Seite sind nur f\u00fcr den privaten, nicht kommerziellen Gebrauch gestattet.<br>Soweit die Inhalte auf dieser Seite nicht vom Betreiber erstellt wurden, werden die Urheberrechte Dritter beachtet. Insbesondere werden Inhalte Dritter als solche gekennzeichnet. Sollten Sie trotzdem auf eine Urheberrechtsverletzung aufmerksam werden, bitten wir um einen entsprechenden Hinweis. Bei Bekanntwerden von Rechtsverletzungen werden wir derartige Inhalte umgehend entfernen.<\/p>\n\n\n\n<p>Die auf <a href=\"http:\/\/www.topmedicare.de\">www.topmedicare.de<\/a> genutzten Bilder sind Eigentum der Topmedicare GmbH.<\/p>\n\n<\/div><\/div>","protected":false},"excerpt":{"rendered":"<p>Information according to \u00a7 5 TMG Topmedicare GmbH Betriebsst\u00e4tte Saarbr\u00fccken Berliner Promenade 3 D &#8211; 66111 Saarbr\u00fccken Represented by:Topmedicare GmbH, vertreten durch die Gesch\u00e4ftsf\u00fchrer: Sebastian Trennheuser, Bianca Bohrer Contact:Telephone: 0681 844 926 0Fax: 0681 844 926 770E-mail: info@topmedicare.de Register entry:Eintragung im HandelsregisterRegistergericht: Amtsgericht Saarbr\u00fcckenRegisternummer: HRB 16501 Value added tax:Umsatzsteuer-Identifikationsnummer gem\u00e4\u00df \u00a727 a Umsatzsteuergesetz:DE 255 965 &#8230; <a title=\"Imprint\" class=\"read-more\" href=\"https:\/\/topmedicare.de\/en\/imprint\/\" aria-label=\"More on Imprint\">Read more<\/a><\/p>\n","protected":false},"author":3,"featured_media":0,"parent":0,"menu_order":0,"comment_status":"closed","ping_status":"closed","template":"","meta":{"footnotes":""},"class_list":["post-5732","page","type-page","status-publish"],"_links":{"self":[{"href":"https:\/\/topmedicare.de\/en\/wp-json\/wp\/v2\/pages\/5732","targetHints":{"allow":["GET"]}}],"collection":[{"href":"https:\/\/topmedicare.de\/en\/wp-json\/wp\/v2\/pages"}],"about":[{"href":"https:\/\/topmedicare.de\/en\/wp-json\/wp\/v2\/types\/page"}],"author":[{"embeddable":true,"href":"https:\/\/topmedicare.de\/en\/wp-json\/wp\/v2\/users\/3"}],"replies":[{"embeddable":true,"href":"https:\/\/topmedicare.de\/en\/wp-json\/wp\/v2\/comments?post=5732"}],"version-history":[{"count":2,"href":"https:\/\/topmedicare.de\/en\/wp-json\/wp\/v2\/pages\/5732\/revisions"}],"predecessor-version":[{"id":5734,"href":"https:\/\/topmedicare.de\/en\/wp-json\/wp\/v2\/pages\/5732\/revisions\/5734"}],"wp:attachment":[{"href":"https:\/\/topmedicare.de\/en\/wp-json\/wp\/v2\/media?parent=5732"}],"curies":[{"name":"wp","href":"https:\/\/api.w.org\/{rel}","templated":true}]}}